{"id":299,"date":"2024-12-14T12:38:38","date_gmt":"2024-12-14T12:38:38","guid":{"rendered":"https:\/\/gitco.org\/?page_id=299"},"modified":"2025-04-21T09:26:12","modified_gmt":"2025-04-21T09:26:12","slug":"blog-2","status":"publish","type":"page","link":"https:\/\/gitco.org\/en\/blog-2\/","title":{"rendered":"Blog"},"content":{"rendered":"\t\t<div data-elementor-type=\"wp-page\" data-elementor-id=\"299\" class=\"elementor elementor-299\" data-elementor-post-type=\"page\">\n\t\t\t\t<div data-particle_enable=\"false\" data-particle-mobile-disabled=\"false\" class=\"elementor-element elementor-element-ed8fabf e-flex e-con-boxed e-con e-parent\" data-id=\"ed8fabf\" data-element_type=\"container\">\n\t\t\t\t\t<div class=\"e-con-inner\">\n\t\t\t\t<div class=\"elementor-element elementor-element-a82aedf elementor-widget elementor-widget-eael-content-ticker\" data-id=\"a82aedf\" data-element_type=\"widget\" data-widget_type=\"eael-content-ticker.default\">\n\t\t\t\t<div class=\"elementor-widget-container\">\n\t\t\t<div class=\"eael-ticker-wrap\" id=\"eael-ticker-wrap-a82aedf\"><div class=\"ticker-badge\">\n                    <span>Latest posts<\/span>\n                <\/div><div class=\"eael-ticker\">\n                <div class=\"swiper swiper-8 eael-content-ticker swiper-container-a82aedf\" data-pagination=\".swiper-pagination-a82aedf\" data-arrow-next=\".swiper-button-next-a82aedf\" data-arrow-prev=\".swiper-button-prev-a82aedf\" data-effect=\"slide\" data-speed=\"2000\" data-autoplay=\"2000\" data-pause-on-hover=\"true\" data-loop=\"1\">\n                    <div class=\"swiper-wrapper\"><div class=\"swiper-slide\">\n        <div class=\"ticker-content\">\n            <a href=\"https:\/\/gitco.org\/en\/energy-market-sentiment\/\" class=\"ticker-content-link\">Energy market sentiment<\/a>\n        <\/div>\n    <\/div><div class=\"swiper-slide\">\n        <div class=\"ticker-content\">\n            <a href=\"https:\/\/gitco.org\/en\/international-logistics-the-backbone-of-global-trade\/\" class=\"ticker-content-link\">International Logistics: The Backbone of Global Trade<\/a>\n        <\/div>\n    <\/div><div class=\"swiper-slide\">\n        <div class=\"ticker-content\">\n            <a href=\"https:\/\/gitco.org\/en\/the-importance-and-dynamics-of-maritime-transport\/\" class=\"ticker-content-link\">The Importance and Dynamics of Maritime Transport<\/a>\n        <\/div>\n    <\/div><div class=\"swiper-slide\">\n        <div class=\"ticker-content\">\n            <a href=\"https:\/\/gitco.org\/en\/what-is-a-freight-forwarder\/\" class=\"ticker-content-link\">What is a Freight Forwarder?<\/a>\n        <\/div>\n    <\/div><\/div>\n\t\t\t\t<\/div> <\/div>\n\t\t<\/div>\t\t<\/div>\n\t\t\t\t<\/div>\n\t\t\t\t<div class=\"elementor-element elementor-element-47e9ac9 elementor-widget elementor-widget-heading\" data-id=\"47e9ac9\" data-element_type=\"widget\" data-widget_type=\"heading.default\">\n\t\t\t\t<div class=\"elementor-widget-container\">\n\t\t\t<h1 class=\"elementor-heading-title elementor-size-default\">Archive Posts<\/h1>\t\t<\/div>\n\t\t\t\t<\/div>\n\t\t\t\t<div class=\"elementor-element elementor-element-38db59b elementor-widget elementor-widget-eael-post-list\" data-id=\"38db59b\" data-element_type=\"widget\" data-widget_type=\"eael-post-list.default\">\n\t\t\t\t<div class=\"elementor-widget-container\">\n\t\t\t<div class=\"eael-post-list-container default layout-default\"><div class=\"eael-post-list-wrap\"><div class=\"eael-post-list-posts-wrap eael-post-appender eael-post-appender-38db59b\"><div class=\"eael-post-list-post \"><div class=\"eael-post-list-thumbnail \"><a href=\"https:\/\/gitco.org\/en\/energy-market-sentiment\/\">\n                            <img decoding=\"async\" src=\"https:\/\/gitco.org\/wp-content\/uploads\/2025\/04\/image_1431755999.webp\" alt=\"\">\n                        <\/a><\/div><div class=\"eael-post-list-content\"><h2 class=\"eael-post-list-title\"><a href=\"https:\/\/gitco.org\/en\/energy-market-sentiment\/\" >Energy market sentiment<\/a><\/h2><div class=\"meta\">\n                    <span><i class=\"far fa-calendar-alt\"><\/i> April 21, 2025<\/span>\n                <\/div><\/div><\/div><div class=\"eael-post-list-post \"><div class=\"eael-post-list-thumbnail \"><a href=\"https:\/\/gitco.org\/en\/international-logistics-the-backbone-of-global-trade\/\">\n                            <img decoding=\"async\" src=\"https:\/\/gitco.org\/wp-content\/uploads\/2024\/12\/International-Logistics-2-1024x683.webp\" alt=\"\">\n                        <\/a><\/div><div class=\"eael-post-list-content\"><h2 class=\"eael-post-list-title\"><a href=\"https:\/\/gitco.org\/en\/international-logistics-the-backbone-of-global-trade\/\" >International Logistics: The Backbone of Global Trade<\/a><\/h2><div class=\"meta\">\n                    <span><i class=\"far fa-calendar-alt\"><\/i> December 15, 2024<\/span>\n                <\/div><\/div><\/div><div class=\"eael-post-list-post \"><div class=\"eael-post-list-thumbnail \"><a href=\"https:\/\/gitco.org\/en\/the-importance-and-dynamics-of-maritime-transport\/\">\n                            <img decoding=\"async\" src=\"https:\/\/gitco.org\/wp-content\/uploads\/2024\/12\/Maritime-Transport-3.webp\" alt=\"\">\n                        <\/a><\/div><div class=\"eael-post-list-content\"><h2 class=\"eael-post-list-title\"><a href=\"https:\/\/gitco.org\/en\/the-importance-and-dynamics-of-maritime-transport\/\" >The Importance and Dynamics of Maritime Transport<\/a><\/h2><div class=\"meta\">\n                    <span><i class=\"far fa-calendar-alt\"><\/i> December 15, 2024<\/span>\n                <\/div><\/div><\/div><div class=\"eael-post-list-post \"><div class=\"eael-post-list-thumbnail \"><a href=\"https:\/\/gitco.org\/en\/what-is-a-freight-forwarder\/\">\n                            <img decoding=\"async\" src=\"https:\/\/gitco.org\/wp-content\/uploads\/2024\/12\/Freight-Forwarder.-2-1024x585.webp\" alt=\"\">\n                        <\/a><\/div><div class=\"eael-post-list-content\"><h2 class=\"eael-post-list-title\"><a href=\"https:\/\/gitco.org\/en\/what-is-a-freight-forwarder\/\" >What is a Freight Forwarder?<\/a><\/h2><div class=\"meta\">\n                    <span><i class=\"far fa-calendar-alt\"><\/i> December 15, 2024<\/span>\n                <\/div><\/div><\/div><\/div><\/div>\n\t\t<\/div><br \/>\n<b>Warning<\/b>:  Undefined variable $dir_name in <b>\/home\/hzskpdnd\/public_html\/wp-content\/plugins\/essential-addons-elementor\/includes\/Elements\/Post_List.php<\/b> on line <b>2492<\/b><br \/>\n<div data-nonce=\"4902308112\" class=\"post-list-pagination\" data-widget-id=\"38db59b\" data-widget=\"38db59b\" data-page-id=\"299\" data-class=\"Essential_Addons_Elementor\\Pro\\Elements\\Post_List\" data-args=\"orderby=date&amp;order=desc&amp;ignore_sticky_posts=1&amp;post_status=publish&amp;posts_per_page=20&amp;offset=0&amp;post_type=post\" data-settings=\"eael_post_list_post_feature_image=yes&amp;eael_post_list_post_meta=yes&amp;eael_post_list_post_title=yes&amp;eael_post_list_post_excerpt=no&amp;eael_post_list_featured_area=&amp;eael_post_list_pagination=yes&amp;eael_post_list_layout_type=default&amp;eael_post_list_post_cat=&amp;eael_post_list_title_tag=h2&amp;eael_post_featured_image_size=large\" data-page=\"1\" data-scroll-on-pagination=\"0\" data-scroll-offset=\"100\" data-template=\"{&quot;dir&quot;:null,&quot;file_name&quot;:&quot;default.php&quot;,&quot;name&quot;:&quot;Post-List&quot;}\">\n                <button class=\"btn btn-prev-post\" id=\"post-nav-prev-38db59b\" disabled=\"true\"><svg aria-hidden=\"true\" class=\"e-font-icon-svg e-fas-angle-left\" viewBox=\"0 0 256 512\" xmlns=\"http:\/\/www.w3.org\/2000\/svg\"><path d=\"M31.7 239l136-136c9.4-9.4 24.6-9.4 33.9 0l22.6 22.6c9.4 9.4 9.4 24.6 0 33.9L127.9 256l96.4 96.4c9.4 9.4 9.4 24.6 0 33.9L201.7 409c-9.4 9.4-24.6 9.4-33.9 0l-136-136c-9.5-9.4-9.5-24.6-.1-34z\"><\/path><\/svg><\/button><button class=\"btn btn-next-post\" id=\"post-nav-next-38db59b\"><svg aria-hidden=\"true\" class=\"e-font-icon-svg e-fas-angle-right\" viewBox=\"0 0 256 512\" xmlns=\"http:\/\/www.w3.org\/2000\/svg\"><path d=\"M224.3 273l-136 136c-9.4 9.4-24.6 9.4-33.9 0l-22.6-22.6c-9.4-9.4-9.4-24.6 0-33.9l96.4-96.4-96.4-96.4c-9.4-9.4-9.4-24.6 0-33.9L54.3 103c9.4-9.4 24.6-9.4 33.9 0l136 136c9.5 9.4 9.5 24.6.1 34z\"><\/path><\/svg><\/button>\n\t\t\t<\/div>\t\t<\/div>\n\t\t\t\t<\/div>\n\t\t\t\t\t<\/div>\n\t\t\t\t<\/div>\n\t\t\t\t<\/div>\n\t\t","protected":false},"excerpt":{"rendered":"<p>Latest posts Energy market sentiment International Logistics: The Backbone of Global Trade The Importance and Dynamics of Maritime Transport Ta\u015f\u0131mac\u0131l\u0131k Komisyoncusu Nedir? Archive Posts Energy market sentiment \u0622\u0648\u0631\u06cc\u0644 21, 2025 International Logistics: The Backbone of Global Trade \u062f\u0633\u0627\u0645\u0628\u0631 15, 2024 The Importance and Dynamics of Maritime Transport \u062f\u0633\u0627\u0645\u0628\u0631 15, 2024 Ta\u015f\u0131mac\u0131l\u0131k Komisyoncusu Nedir? \u062f\u0633\u0627\u0645\u0628\u0631 15, [&hellip;]<\/p>\n","protected":false},"author":1,"featured_media":0,"parent":0,"menu_order":0,"comment_status":"closed","ping_status":"closed","template":"elementor_header_footer","meta":{"footnotes":""},"class_list":["post-299","page","type-page","status-publish","hentry"],"yoast_head":"<!-- This site is optimized with the Yoast SEO Premium plugin v22.3 (Yoast SEO v26.5) - https:\/\/yoast.com\/wordpress\/plugins\/seo\/ -->\n<title>Blog - GIT<\/title>\n<meta name=\"robots\" content=\"index, follow, max-snippet:-1, max-image-preview:large, max-video-preview:-1\" \/>\n<link rel=\"canonical\" href=\"https:\/\/gitco.org\/blog-2\/\" \/>\n<meta property=\"og:locale\" content=\"en_US\" \/>\n<meta property=\"og:type\" content=\"article\" \/>\n<meta property=\"og:title\" content=\"Blog\" \/>\n<meta property=\"og:description\" content=\"Latest posts Energy market sentiment International Logistics: The Backbone of Global Trade The Importance and Dynamics of Maritime Transport Ta\u015f\u0131mac\u0131l\u0131k Komisyoncusu Nedir? Archive Posts Energy market sentiment \u0622\u0648\u0631\u06cc\u0644 21, 2025 International Logistics: The Backbone of Global Trade \u062f\u0633\u0627\u0645\u0628\u0631 15, 2024 The Importance and Dynamics of Maritime Transport \u062f\u0633\u0627\u0645\u0628\u0631 15, 2024 Ta\u015f\u0131mac\u0131l\u0131k Komisyoncusu Nedir? \u062f\u0633\u0627\u0645\u0628\u0631 15, [&hellip;]\" \/>\n<meta property=\"og:url\" content=\"https:\/\/gitco.org\/blog-2\/\" \/>\n<meta property=\"og:site_name\" content=\"GIT\" \/>\n<meta property=\"article:modified_time\" content=\"2025-04-21T09:26:12+00:00\" \/>\n<meta property=\"og:image\" content=\"https:\/\/gitco.org\/wp-content\/uploads\/2025\/04\/image_1431755999.webp\" \/>\n<meta name=\"twitter:card\" content=\"summary_large_image\" \/>\n<script type=\"application\/ld+json\" class=\"yoast-schema-graph\">{\"@context\":\"https:\/\/schema.org\",\"@graph\":[{\"@type\":\"WebPage\",\"@id\":\"https:\/\/gitco.org\/blog-2\/\",\"url\":\"https:\/\/gitco.org\/blog-2\/\",\"name\":\"Blog - GIT\",\"isPartOf\":{\"@id\":\"https:\/\/gitco.org\/#website\"},\"primaryImageOfPage\":{\"@id\":\"https:\/\/gitco.org\/blog-2\/#primaryimage\"},\"image\":{\"@id\":\"https:\/\/gitco.org\/blog-2\/#primaryimage\"},\"thumbnailUrl\":\"https:\/\/gitco.org\/wp-content\/uploads\/2025\/04\/image_1431755999.webp\",\"datePublished\":\"2024-12-14T12:38:38+00:00\",\"dateModified\":\"2025-04-21T09:26:12+00:00\",\"breadcrumb\":{\"@id\":\"https:\/\/gitco.org\/blog-2\/#breadcrumb\"},\"inLanguage\":\"en-US\",\"potentialAction\":[{\"@type\":\"ReadAction\",\"target\":[\"https:\/\/gitco.org\/blog-2\/\"]}]},{\"@type\":\"ImageObject\",\"inLanguage\":\"en-US\",\"@id\":\"https:\/\/gitco.org\/blog-2\/#primaryimage\",\"url\":\"https:\/\/gitco.org\/wp-content\/uploads\/2025\/04\/image_1431755999.webp\",\"contentUrl\":\"https:\/\/gitco.org\/wp-content\/uploads\/2025\/04\/image_1431755999.webp\"},{\"@type\":\"BreadcrumbList\",\"@id\":\"https:\/\/gitco.org\/blog-2\/#breadcrumb\",\"itemListElement\":[{\"@type\":\"ListItem\",\"position\":1,\"name\":\"Home\",\"item\":\"https:\/\/gitco.org\/\"},{\"@type\":\"ListItem\",\"position\":2,\"name\":\"Blog\"}]},{\"@type\":\"WebSite\",\"@id\":\"https:\/\/gitco.org\/#website\",\"url\":\"https:\/\/gitco.org\/\",\"name\":\"GIT\",\"description\":\"Green Internatinal Trade\",\"publisher\":{\"@id\":\"https:\/\/gitco.org\/#organization\"},\"potentialAction\":[{\"@type\":\"SearchAction\",\"target\":{\"@type\":\"EntryPoint\",\"urlTemplate\":\"https:\/\/gitco.org\/?s={search_term_string}\"},\"query-input\":{\"@type\":\"PropertyValueSpecification\",\"valueRequired\":true,\"valueName\":\"search_term_string\"}}],\"inLanguage\":\"en-US\"},{\"@type\":\"Organization\",\"@id\":\"https:\/\/gitco.org\/#organization\",\"name\":\"GIT\",\"url\":\"https:\/\/gitco.org\/\",\"logo\":{\"@type\":\"ImageObject\",\"inLanguage\":\"en-US\",\"@id\":\"https:\/\/gitco.org\/#\/schema\/logo\/image\/\",\"url\":\"https:\/\/gitco.org\/wp-content\/uploads\/2023\/05\/1-1.png\",\"contentUrl\":\"https:\/\/gitco.org\/wp-content\/uploads\/2023\/05\/1-1.png\",\"width\":194,\"height\":89,\"caption\":\"GIT\"},\"image\":{\"@id\":\"https:\/\/gitco.org\/#\/schema\/logo\/image\/\"}}]}<\/script>\n<!-- \/ Yoast SEO Premium plugin. -->","yoast_head_json":{"title":"Blog - GIT","robots":{"index":"index","follow":"follow","max-snippet":"max-snippet:-1","max-image-preview":"max-image-preview:large","max-video-preview":"max-video-preview:-1"},"canonical":"https:\/\/gitco.org\/blog-2\/","og_locale":"en_US","og_type":"article","og_title":"Blog","og_description":"Latest posts Energy market sentiment International Logistics: The Backbone of Global Trade The Importance and Dynamics of Maritime Transport Ta\u015f\u0131mac\u0131l\u0131k Komisyoncusu Nedir? Archive Posts Energy market sentiment \u0622\u0648\u0631\u06cc\u0644 21, 2025 International Logistics: The Backbone of Global Trade \u062f\u0633\u0627\u0645\u0628\u0631 15, 2024 The Importance and Dynamics of Maritime Transport \u062f\u0633\u0627\u0645\u0628\u0631 15, 2024 Ta\u015f\u0131mac\u0131l\u0131k Komisyoncusu Nedir? \u062f\u0633\u0627\u0645\u0628\u0631 15, [&hellip;]","og_url":"https:\/\/gitco.org\/blog-2\/","og_site_name":"GIT","article_modified_time":"2025-04-21T09:26:12+00:00","og_image":[{"url":"https:\/\/gitco.org\/wp-content\/uploads\/2025\/04\/image_1431755999.webp","type":"","width":"","height":""}],"twitter_card":"summary_large_image","schema":{"@context":"https:\/\/schema.org","@graph":[{"@type":"WebPage","@id":"https:\/\/gitco.org\/blog-2\/","url":"https:\/\/gitco.org\/blog-2\/","name":"Blog - GIT","isPartOf":{"@id":"https:\/\/gitco.org\/#website"},"primaryImageOfPage":{"@id":"https:\/\/gitco.org\/blog-2\/#primaryimage"},"image":{"@id":"https:\/\/gitco.org\/blog-2\/#primaryimage"},"thumbnailUrl":"https:\/\/gitco.org\/wp-content\/uploads\/2025\/04\/image_1431755999.webp","datePublished":"2024-12-14T12:38:38+00:00","dateModified":"2025-04-21T09:26:12+00:00","breadcrumb":{"@id":"https:\/\/gitco.org\/blog-2\/#breadcrumb"},"inLanguage":"en-US","potentialAction":[{"@type":"ReadAction","target":["https:\/\/gitco.org\/blog-2\/"]}]},{"@type":"ImageObject","inLanguage":"en-US","@id":"https:\/\/gitco.org\/blog-2\/#primaryimage","url":"https:\/\/gitco.org\/wp-content\/uploads\/2025\/04\/image_1431755999.webp","contentUrl":"https:\/\/gitco.org\/wp-content\/uploads\/2025\/04\/image_1431755999.webp"},{"@type":"BreadcrumbList","@id":"https:\/\/gitco.org\/blog-2\/#breadcrumb","itemListElement":[{"@type":"ListItem","position":1,"name":"Home","item":"https:\/\/gitco.org\/"},{"@type":"ListItem","position":2,"name":"Blog"}]},{"@type":"WebSite","@id":"https:\/\/gitco.org\/#website","url":"https:\/\/gitco.org\/","name":"GIT","description":"Green Internatinal Trade","publisher":{"@id":"https:\/\/gitco.org\/#organization"},"potentialAction":[{"@type":"SearchAction","target":{"@type":"EntryPoint","urlTemplate":"https:\/\/gitco.org\/?s={search_term_string}"},"query-input":{"@type":"PropertyValueSpecification","valueRequired":true,"valueName":"search_term_string"}}],"inLanguage":"en-US"},{"@type":"Organization","@id":"https:\/\/gitco.org\/#organization","name":"GIT","url":"https:\/\/gitco.org\/","logo":{"@type":"ImageObject","inLanguage":"en-US","@id":"https:\/\/gitco.org\/#\/schema\/logo\/image\/","url":"https:\/\/gitco.org\/wp-content\/uploads\/2023\/05\/1-1.png","contentUrl":"https:\/\/gitco.org\/wp-content\/uploads\/2023\/05\/1-1.png","width":194,"height":89,"caption":"GIT"},"image":{"@id":"https:\/\/gitco.org\/#\/schema\/logo\/image\/"}}]}},"_links":{"self":[{"href":"https:\/\/gitco.org\/en\/wp-json\/wp\/v2\/pages\/299","targetHints":{"allow":["GET"]}}],"collection":[{"href":"https:\/\/gitco.org\/en\/wp-json\/wp\/v2\/pages"}],"about":[{"href":"https:\/\/gitco.org\/en\/wp-json\/wp\/v2\/types\/page"}],"author":[{"embeddable":true,"href":"https:\/\/gitco.org\/en\/wp-json\/wp\/v2\/users\/1"}],"replies":[{"embeddable":true,"href":"https:\/\/gitco.org\/en\/wp-json\/wp\/v2\/comments?post=299"}],"version-history":[{"count":0,"href":"https:\/\/gitco.org\/en\/wp-json\/wp\/v2\/pages\/299\/revisions"}],"wp:attachment":[{"href":"https:\/\/gitco.org\/en\/wp-json\/wp\/v2\/media?parent=299"}],"curies":[{"name":"wp","href":"https:\/\/api.w.org\/{rel}","templated":true}]}}